{"id":428,"date":"2019-09-03T13:13:08","date_gmt":"2019-09-03T11:13:08","guid":{"rendered":"https:\/\/security-locks.be\/?post_type=product&#038;p=428"},"modified":"2022-05-06T18:08:54","modified_gmt":"2022-05-06T16:08:54","slug":"ec750-ec850","status":"publish","type":"product","link":"https:\/\/security-locks.be\/nl\/product\/ec750-ec850\/","title":{"rendered":"Abus EC750 - EC850"},"content":{"rendered":"","protected":false},"excerpt":{"rendered":"<p>Structuur van uw sleutelnummer:<br \/>\n0001 - 38832<\/p>\n<p>Let op! Het sleutelnummer staat op de sleutel, niet op het slot!<\/p>\n<p>Voer hieronder uw sleutelnummer code in.<\/p>","protected":false},"featured_media":727,"template":"","meta":[],"product_brand":[],"product_cat":[1203,1204,1141],"product_tag":[],"class_list":{"0":"post-428","1":"product","2":"type-product","3":"status-publish","4":"has-post-thumbnail","6":"product_cat-abus-cles-cylindres","7":"product_cat-cles-abus-cles-cylindres","8":"product_cat-cles-cylindres","10":"first","11":"instock","12":"shipping-taxable","13":"purchasable","14":"product-type-simple"},"yoast_head":"<!-- This site is optimized with the Yoast SEO plugin v24.0 - https:\/\/yoast.com\/wordpress\/plugins\/seo\/ -->\n<title>Abus EC750 \u2013 EC850 - Security locks<\/title>\n<meta name=\"robots\" content=\"index, follow, max-snippet:-1, max-image-preview:large, max-video-preview:-1\" \/>\n<link rel=\"canonical\" href=\"https:\/\/security-locks.be\/nl\/product\/ec750-ec850\/\" \/>\n<meta property=\"og:locale\" content=\"nl_BE\" \/>\n<meta property=\"og:type\" content=\"article\" \/>\n<meta property=\"og:title\" content=\"Abus EC750 \u2013 EC850 - Security locks\" \/>\n<meta property=\"og:description\" content=\"Structure de votre n\u00b0 de cl\u00e9: 0001 \u2013 38832  Attention ! Le num\u00e9ro de cl\u00e9 est sur la cl\u00e9, pas sur la serrure !  Entrez le code de votre num\u00e9ro de cl\u00e9 ci-dessous.\" \/>\n<meta property=\"og:url\" content=\"https:\/\/security-locks.be\/nl\/product\/ec750-ec850\/\" \/>\n<meta property=\"og:site_name\" content=\"Security locks\" \/>\n<meta property=\"article:modified_time\" content=\"2022-05-06T16:08:54+00:00\" \/>\n<meta property=\"og:image\" content=\"https:\/\/security-locks.be\/wp-content\/uploads\/cl\u00e9-abus-EC750-850.jpg\" \/>\n\t<meta property=\"og:image:width\" content=\"600\" \/>\n\t<meta property=\"og:image:height\" content=\"700\" \/>\n\t<meta property=\"og:image:type\" content=\"image\/jpeg\" \/>\n<meta name=\"twitter:card\" content=\"summary_large_image\" \/>\n<script type=\"application\/ld+json\" class=\"yoast-schema-graph\">{\"@context\":\"https:\/\/schema.org\",\"@graph\":[{\"@type\":\"WebPage\",\"@id\":\"https:\/\/security-locks.be\/produit\/ec750-ec850\/\",\"url\":\"https:\/\/security-locks.be\/produit\/ec750-ec850\/\",\"name\":\"Abus EC750 \u2013 EC850 - Security locks\",\"isPartOf\":{\"@id\":\"https:\/\/security-locks.be\/#website\"},\"primaryImageOfPage\":{\"@id\":\"https:\/\/security-locks.be\/produit\/ec750-ec850\/#primaryimage\"},\"image\":{\"@id\":\"https:\/\/security-locks.be\/produit\/ec750-ec850\/#primaryimage\"},\"thumbnailUrl\":\"https:\/\/security-locks.be\/wp-content\/uploads\/cl\u00e9-abus-EC750-850.jpg\",\"datePublished\":\"2019-09-03T11:13:08+00:00\",\"dateModified\":\"2022-05-06T16:08:54+00:00\",\"breadcrumb\":{\"@id\":\"https:\/\/security-locks.be\/produit\/ec750-ec850\/#breadcrumb\"},\"inLanguage\":\"nl-BE\",\"potentialAction\":[{\"@type\":\"ReadAction\",\"target\":[\"https:\/\/security-locks.be\/produit\/ec750-ec850\/\"]}]},{\"@type\":\"ImageObject\",\"inLanguage\":\"nl-BE\",\"@id\":\"https:\/\/security-locks.be\/produit\/ec750-ec850\/#primaryimage\",\"url\":\"https:\/\/security-locks.be\/wp-content\/uploads\/cl\u00e9-abus-EC750-850.jpg\",\"contentUrl\":\"https:\/\/security-locks.be\/wp-content\/uploads\/cl\u00e9-abus-EC750-850.jpg\",\"width\":600,\"height\":700},{\"@type\":\"BreadcrumbList\",\"@id\":\"https:\/\/security-locks.be\/produit\/ec750-ec850\/#breadcrumb\",\"itemListElement\":[{\"@type\":\"ListItem\",\"position\":1,\"name\":\"Accueil\",\"item\":\"https:\/\/security-locks.be\/\"},{\"@type\":\"ListItem\",\"position\":2,\"name\":\"boutique\",\"item\":\"https:\/\/security-locks.be\/boutique\/\"},{\"@type\":\"ListItem\",\"position\":3,\"name\":\"Abus EC750 \u2013 EC850\"}]},{\"@type\":\"WebSite\",\"@id\":\"https:\/\/security-locks.be\/#website\",\"url\":\"https:\/\/security-locks.be\/\",\"name\":\"Security locks\",\"description\":\"Copie &amp; fabrication de cl\u00e9s\",\"potentialAction\":[{\"@type\":\"SearchAction\",\"target\":{\"@type\":\"EntryPoint\",\"urlTemplate\":\"https:\/\/security-locks.be\/?s={search_term_string}\"},\"query-input\":{\"@type\":\"PropertyValueSpecification\",\"valueRequired\":true,\"valueName\":\"search_term_string\"}}],\"inLanguage\":\"nl-BE\"}]}<\/script>\n<!-- \/ Yoast SEO plugin. -->","yoast_head_json":{"title":"Abus EC750 \u2013 EC850 - Security locks","robots":{"index":"index","follow":"follow","max-snippet":"max-snippet:-1","max-image-preview":"max-image-preview:large","max-video-preview":"max-video-preview:-1"},"canonical":"https:\/\/security-locks.be\/nl\/product\/ec750-ec850\/","og_locale":"nl_BE","og_type":"article","og_title":"Abus EC750 \u2013 EC850 - Security locks","og_description":"Structure de votre n\u00b0 de cl\u00e9: 0001 \u2013 38832  Attention ! Le num\u00e9ro de cl\u00e9 est sur la cl\u00e9, pas sur la serrure !  Entrez le code de votre num\u00e9ro de cl\u00e9 ci-dessous.","og_url":"https:\/\/security-locks.be\/nl\/product\/ec750-ec850\/","og_site_name":"Security locks","article_modified_time":"2022-05-06T16:08:54+00:00","og_image":[{"width":600,"height":700,"url":"https:\/\/security-locks.be\/wp-content\/uploads\/cl\u00e9-abus-EC750-850.jpg","type":"image\/jpeg"}],"twitter_card":"summary_large_image","schema":{"@context":"https:\/\/schema.org","@graph":[{"@type":"WebPage","@id":"https:\/\/security-locks.be\/produit\/ec750-ec850\/","url":"https:\/\/security-locks.be\/produit\/ec750-ec850\/","name":"Abus EC750 \u2013 EC850 - Security locks","isPartOf":{"@id":"https:\/\/security-locks.be\/#website"},"primaryImageOfPage":{"@id":"https:\/\/security-locks.be\/produit\/ec750-ec850\/#primaryimage"},"image":{"@id":"https:\/\/security-locks.be\/produit\/ec750-ec850\/#primaryimage"},"thumbnailUrl":"https:\/\/security-locks.be\/wp-content\/uploads\/cl\u00e9-abus-EC750-850.jpg","datePublished":"2019-09-03T11:13:08+00:00","dateModified":"2022-05-06T16:08:54+00:00","breadcrumb":{"@id":"https:\/\/security-locks.be\/produit\/ec750-ec850\/#breadcrumb"},"inLanguage":"nl-BE","potentialAction":[{"@type":"ReadAction","target":["https:\/\/security-locks.be\/produit\/ec750-ec850\/"]}]},{"@type":"ImageObject","inLanguage":"nl-BE","@id":"https:\/\/security-locks.be\/produit\/ec750-ec850\/#primaryimage","url":"https:\/\/security-locks.be\/wp-content\/uploads\/cl\u00e9-abus-EC750-850.jpg","contentUrl":"https:\/\/security-locks.be\/wp-content\/uploads\/cl\u00e9-abus-EC750-850.jpg","width":600,"height":700},{"@type":"BreadcrumbList","@id":"https:\/\/security-locks.be\/produit\/ec750-ec850\/#breadcrumb","itemListElement":[{"@type":"ListItem","position":1,"name":"Accueil","item":"https:\/\/security-locks.be\/"},{"@type":"ListItem","position":2,"name":"boutique","item":"https:\/\/security-locks.be\/boutique\/"},{"@type":"ListItem","position":3,"name":"Abus EC750 \u2013 EC850"}]},{"@type":"WebSite","@id":"https:\/\/security-locks.be\/#website","url":"https:\/\/security-locks.be\/","name":"Security locks","description":"Copie &amp; fabrication de cl\u00e9s","potentialAction":[{"@type":"SearchAction","target":{"@type":"EntryPoint","urlTemplate":"https:\/\/security-locks.be\/?s={search_term_string}"},"query-input":{"@type":"PropertyValueSpecification","valueRequired":true,"valueName":"search_term_string"}}],"inLanguage":"nl-BE"}]}},"_links":{"self":[{"href":"https:\/\/security-locks.be\/nl\/wp-json\/wp\/v2\/product\/428","targetHints":{"allow":["GET"]}}],"collection":[{"href":"https:\/\/security-locks.be\/nl\/wp-json\/wp\/v2\/product"}],"about":[{"href":"https:\/\/security-locks.be\/nl\/wp-json\/wp\/v2\/types\/product"}],"wp:featuredmedia":[{"embeddable":true,"href":"https:\/\/security-locks.be\/nl\/wp-json\/wp\/v2\/media\/727"}],"wp:attachment":[{"href":"https:\/\/security-locks.be\/nl\/wp-json\/wp\/v2\/media?parent=428"}],"wp:term":[{"taxonomy":"product_brand","embeddable":true,"href":"https:\/\/security-locks.be\/nl\/wp-json\/wp\/v2\/product_brand?post=428"},{"taxonomy":"product_cat","embeddable":true,"href":"https:\/\/security-locks.be\/nl\/wp-json\/wp\/v2\/product_cat?post=428"},{"taxonomy":"product_tag","embeddable":true,"href":"https:\/\/security-locks.be\/nl\/wp-json\/wp\/v2\/product_tag?post=428"}],"curies":[{"name":"wp","href":"https:\/\/api.w.org\/{rel}","templated":true}]}}