{"id":12187,"date":"2022-05-02T12:22:52","date_gmt":"2022-05-02T10:22:52","guid":{"rendered":"https:\/\/security-locks.be\/produit\/mp83\/"},"modified":"2022-05-06T18:08:55","modified_gmt":"2022-05-06T16:08:55","slug":"mp83","status":"publish","type":"product","link":"https:\/\/security-locks.be\/nl\/product\/mp83\/","title":{"rendered":"LITTO MP83"},"content":{"rendered":"","protected":false},"excerpt":{"rendered":"<p>Voorzichtig! Dit is een veiligheidssleutel met een eigendomskaart.<br \/>\nOm het te bestellen, hebben we de eigendomskaart nodig. Het sleutelnummer staat op de eigendomskaart!<\/p>\n<p>Voer hieronder uw eigendomskaartnummer code in.<br \/>\nUpload een foto van de plattegrond van het pand in het onderstaande veld.<br \/>\nGeen enkele bestelling zal worden aanvaard zonder een kopie van de eigendomskaart<\/p>","protected":false},"featured_media":12125,"template":"","meta":[],"product_brand":[],"product_cat":[1226,1141,1225],"product_tag":[],"class_list":{"0":"post-12187","1":"product","2":"type-product","3":"status-publish","4":"has-post-thumbnail","6":"product_cat-cles-litto-cles-cylindres","7":"product_cat-cles-cylindres","8":"product_cat-litto-cles-cylindres","10":"first","11":"instock","12":"shipping-taxable","13":"purchasable","14":"product-type-simple"},"yoast_head":"<!-- This site is optimized with the Yoast SEO plugin v24.0 - https:\/\/yoast.com\/wordpress\/plugins\/seo\/ -->\n<title>LITTO MP83 - Security locks<\/title>\n<meta name=\"robots\" content=\"index, follow, max-snippet:-1, max-image-preview:large, max-video-preview:-1\" \/>\n<link rel=\"canonical\" href=\"https:\/\/security-locks.be\/nl\/product\/mp83\/\" \/>\n<meta property=\"og:locale\" content=\"nl_BE\" \/>\n<meta property=\"og:type\" content=\"article\" \/>\n<meta property=\"og:title\" content=\"LITTO MP83 - Security locks\" \/>\n<meta property=\"og:description\" content=\"Attention ! Il s\u2019agit d\u2019une cl\u00e9 de s\u00e9curit\u00e9 avec carte de propri\u00e9t\u00e9. Pour pouvoir la commander, nous avons besoin de la carte de propri\u00e9t\u00e9. Le num\u00e9ro de cl\u00e9 est sur la carte de propri\u00e9t\u00e9! Entrez le code de votre num\u00e9ro de carte de propri\u00e9t\u00e9 ci-dessous. T\u00e9l\u00e9chargez une photo de la carte de propri\u00e9t\u00e9 dans le champ pr\u00e9vu \u00e0 cet effet ci-dessous. Aucune commande ne sera accept\u00e9e sans la copie de la carte de propri\u00e9t\u00e9\" \/>\n<meta property=\"og:url\" content=\"https:\/\/security-locks.be\/nl\/product\/mp83\/\" \/>\n<meta property=\"og:site_name\" content=\"Security locks\" \/>\n<meta property=\"article:modified_time\" content=\"2022-05-06T16:08:55+00:00\" \/>\n<meta property=\"og:image\" content=\"https:\/\/security-locks.be\/wp-content\/uploads\/litto-mp83.jpg\" \/>\n\t<meta property=\"og:image:width\" content=\"300\" \/>\n\t<meta property=\"og:image:height\" content=\"300\" \/>\n\t<meta property=\"og:image:type\" content=\"image\/jpeg\" \/>\n<meta name=\"twitter:card\" content=\"summary_large_image\" \/>\n<script type=\"application\/ld+json\" class=\"yoast-schema-graph\">{\"@context\":\"https:\/\/schema.org\",\"@graph\":[{\"@type\":\"WebPage\",\"@id\":\"https:\/\/security-locks.be\/produit\/mp83\/\",\"url\":\"https:\/\/security-locks.be\/produit\/mp83\/\",\"name\":\"LITTO MP83 - Security locks\",\"isPartOf\":{\"@id\":\"https:\/\/security-locks.be\/#website\"},\"primaryImageOfPage\":{\"@id\":\"https:\/\/security-locks.be\/produit\/mp83\/#primaryimage\"},\"image\":{\"@id\":\"https:\/\/security-locks.be\/produit\/mp83\/#primaryimage\"},\"thumbnailUrl\":\"https:\/\/security-locks.be\/wp-content\/uploads\/litto-mp83.jpg\",\"datePublished\":\"2022-05-02T10:22:52+00:00\",\"dateModified\":\"2022-05-06T16:08:55+00:00\",\"breadcrumb\":{\"@id\":\"https:\/\/security-locks.be\/produit\/mp83\/#breadcrumb\"},\"inLanguage\":\"nl-BE\",\"potentialAction\":[{\"@type\":\"ReadAction\",\"target\":[\"https:\/\/security-locks.be\/produit\/mp83\/\"]}]},{\"@type\":\"ImageObject\",\"inLanguage\":\"nl-BE\",\"@id\":\"https:\/\/security-locks.be\/produit\/mp83\/#primaryimage\",\"url\":\"https:\/\/security-locks.be\/wp-content\/uploads\/litto-mp83.jpg\",\"contentUrl\":\"https:\/\/security-locks.be\/wp-content\/uploads\/litto-mp83.jpg\",\"width\":300,\"height\":300},{\"@type\":\"BreadcrumbList\",\"@id\":\"https:\/\/security-locks.be\/produit\/mp83\/#breadcrumb\",\"itemListElement\":[{\"@type\":\"ListItem\",\"position\":1,\"name\":\"Accueil\",\"item\":\"https:\/\/security-locks.be\/\"},{\"@type\":\"ListItem\",\"position\":2,\"name\":\"boutique\",\"item\":\"https:\/\/security-locks.be\/boutique\/\"},{\"@type\":\"ListItem\",\"position\":3,\"name\":\"LITTO MP83\"}]},{\"@type\":\"WebSite\",\"@id\":\"https:\/\/security-locks.be\/#website\",\"url\":\"https:\/\/security-locks.be\/\",\"name\":\"Security locks\",\"description\":\"Copie &amp; fabrication de cl\u00e9s\",\"potentialAction\":[{\"@type\":\"SearchAction\",\"target\":{\"@type\":\"EntryPoint\",\"urlTemplate\":\"https:\/\/security-locks.be\/?s={search_term_string}\"},\"query-input\":{\"@type\":\"PropertyValueSpecification\",\"valueRequired\":true,\"valueName\":\"search_term_string\"}}],\"inLanguage\":\"nl-BE\"}]}<\/script>\n<!-- \/ Yoast SEO plugin. -->","yoast_head_json":{"title":"LITTO MP83 - Security locks","robots":{"index":"index","follow":"follow","max-snippet":"max-snippet:-1","max-image-preview":"max-image-preview:large","max-video-preview":"max-video-preview:-1"},"canonical":"https:\/\/security-locks.be\/nl\/product\/mp83\/","og_locale":"nl_BE","og_type":"article","og_title":"LITTO MP83 - Security locks","og_description":"Attention ! Il s\u2019agit d\u2019une cl\u00e9 de s\u00e9curit\u00e9 avec carte de propri\u00e9t\u00e9. Pour pouvoir la commander, nous avons besoin de la carte de propri\u00e9t\u00e9. Le num\u00e9ro de cl\u00e9 est sur la carte de propri\u00e9t\u00e9! Entrez le code de votre num\u00e9ro de carte de propri\u00e9t\u00e9 ci-dessous. T\u00e9l\u00e9chargez une photo de la carte de propri\u00e9t\u00e9 dans le champ pr\u00e9vu \u00e0 cet effet ci-dessous. Aucune commande ne sera accept\u00e9e sans la copie de la carte de propri\u00e9t\u00e9","og_url":"https:\/\/security-locks.be\/nl\/product\/mp83\/","og_site_name":"Security locks","article_modified_time":"2022-05-06T16:08:55+00:00","og_image":[{"width":300,"height":300,"url":"https:\/\/security-locks.be\/wp-content\/uploads\/litto-mp83.jpg","type":"image\/jpeg"}],"twitter_card":"summary_large_image","schema":{"@context":"https:\/\/schema.org","@graph":[{"@type":"WebPage","@id":"https:\/\/security-locks.be\/produit\/mp83\/","url":"https:\/\/security-locks.be\/produit\/mp83\/","name":"LITTO MP83 - Security locks","isPartOf":{"@id":"https:\/\/security-locks.be\/#website"},"primaryImageOfPage":{"@id":"https:\/\/security-locks.be\/produit\/mp83\/#primaryimage"},"image":{"@id":"https:\/\/security-locks.be\/produit\/mp83\/#primaryimage"},"thumbnailUrl":"https:\/\/security-locks.be\/wp-content\/uploads\/litto-mp83.jpg","datePublished":"2022-05-02T10:22:52+00:00","dateModified":"2022-05-06T16:08:55+00:00","breadcrumb":{"@id":"https:\/\/security-locks.be\/produit\/mp83\/#breadcrumb"},"inLanguage":"nl-BE","potentialAction":[{"@type":"ReadAction","target":["https:\/\/security-locks.be\/produit\/mp83\/"]}]},{"@type":"ImageObject","inLanguage":"nl-BE","@id":"https:\/\/security-locks.be\/produit\/mp83\/#primaryimage","url":"https:\/\/security-locks.be\/wp-content\/uploads\/litto-mp83.jpg","contentUrl":"https:\/\/security-locks.be\/wp-content\/uploads\/litto-mp83.jpg","width":300,"height":300},{"@type":"BreadcrumbList","@id":"https:\/\/security-locks.be\/produit\/mp83\/#breadcrumb","itemListElement":[{"@type":"ListItem","position":1,"name":"Accueil","item":"https:\/\/security-locks.be\/"},{"@type":"ListItem","position":2,"name":"boutique","item":"https:\/\/security-locks.be\/boutique\/"},{"@type":"ListItem","position":3,"name":"LITTO MP83"}]},{"@type":"WebSite","@id":"https:\/\/security-locks.be\/#website","url":"https:\/\/security-locks.be\/","name":"Security locks","description":"Copie &amp; fabrication de cl\u00e9s","potentialAction":[{"@type":"SearchAction","target":{"@type":"EntryPoint","urlTemplate":"https:\/\/security-locks.be\/?s={search_term_string}"},"query-input":{"@type":"PropertyValueSpecification","valueRequired":true,"valueName":"search_term_string"}}],"inLanguage":"nl-BE"}]}},"_links":{"self":[{"href":"https:\/\/security-locks.be\/nl\/wp-json\/wp\/v2\/product\/12187","targetHints":{"allow":["GET"]}}],"collection":[{"href":"https:\/\/security-locks.be\/nl\/wp-json\/wp\/v2\/product"}],"about":[{"href":"https:\/\/security-locks.be\/nl\/wp-json\/wp\/v2\/types\/product"}],"wp:featuredmedia":[{"embeddable":true,"href":"https:\/\/security-locks.be\/nl\/wp-json\/wp\/v2\/media\/12125"}],"wp:attachment":[{"href":"https:\/\/security-locks.be\/nl\/wp-json\/wp\/v2\/media?parent=12187"}],"wp:term":[{"taxonomy":"product_brand","embeddable":true,"href":"https:\/\/security-locks.be\/nl\/wp-json\/wp\/v2\/product_brand?post=12187"},{"taxonomy":"product_cat","embeddable":true,"href":"https:\/\/security-locks.be\/nl\/wp-json\/wp\/v2\/product_cat?post=12187"},{"taxonomy":"product_tag","embeddable":true,"href":"https:\/\/security-locks.be\/nl\/wp-json\/wp\/v2\/product_tag?post=12187"}],"curies":[{"name":"wp","href":"https:\/\/api.w.org\/{rel}","templated":true}]}}